{"id":13215,"date":"2021-04-14T15:36:30","date_gmt":"2021-04-14T12:36:30","guid":{"rendered":"https:\/\/alfadestek.com\/cesan\/?page_id=13215"},"modified":"2021-04-16T09:11:31","modified_gmt":"2021-04-16T06:11:31","slug":"hakkimizda","status":"publish","type":"page","link":"https:\/\/www.cesanmakine.com\/en\/index.php\/kurumsal\/hakkimizda\/","title":{"rendered":"About Us"},"content":{"rendered":"<p style=\"text-align: justify;\"><img loading=\"lazy\" class=\"size-medium wp-image-13216 alignleft\" src=\"https:\/\/alfadestek.com\/cesan\/wp-content\/uploads\/2021\/04\/cesanhakkimizda-300x233.jpg\" alt=\"\" width=\"300\" height=\"233\" srcset=\"\" sizes=\"(max-width: 300px) 100vw, 300px\" data-srcset=\"\" \/><\/p>\n<p>Cesan Machinery was established in Ankara in 1998 on the basis of \u201cproviding services by providing\nethical, high-quality, cost efficient solutions and sticking to its privacy principles,\u201d hence having a\nfeatured structure with established relations.<\/p>\n<p>The core business activity of Cesan Machine, whose founders, workers and consultants, who are\nprofessionals of the manufacturing industry with over 20 years of experience, is the manufacturing\nof spare parts for pet blowing, labeling and filling machines used in water, carbonated drinks and oil\nindustries.<\/p>\n<p>Our company, which holds ISO 8001 : 2008 ISO 14001 : 2004 and OHSAS 18001 : 2007 total quality\nmanagement documentation continues to be the solution partner for many manufacturers which are\nwell - known national and international brands in the beverage industry by providing accurate and\ncomplete solutions for their machinery spare parts needs.<\/p>","protected":false},"excerpt":{"rendered":"<p>Cesan Makine M\u00fc\u015fterilerine \u201cGizlilik prensiplerine ba\u011fl\u0131 kalarak yarat\u0131c\u0131 maliyet etkinli\u011fi olan etik ve y\u00fcksek kalitede \u00e7\u00f6z\u00fcmler sunarak hizmet vermek\u201d temel ili\u015fkileri sayesinde ve kendini ispatlam\u0131\u015f \u00f6zellikli yap\u0131s\u0131 ile 1998 tarihinde Ankara\u2019da kurulmu\u015ftur. Her biri konusunda uzman 20 y\u0131l\u0131 a\u015fk\u0131n s\u00fcredir imalat sekt\u00f6r\u00fcnde faaliyet g\u00f6steren\u00a0kurucusu, \u00e7al\u0131\u015fanlar\u0131 ve dan\u0131\u015fmanlar\u0131 ile Cesan Makine Kuruldu\u011fu g\u00fcnden bug\u00fcne kadar uzmanla\u015ft\u0131\u011f\u0131&#8230;<\/p>","protected":false},"author":1,"featured_media":0,"parent":13213,"menu_order":0,"comment_status":"closed","ping_status":"closed","template":"","meta":[],"_links":{"self":[{"href":"https:\/\/www.cesanmakine.com\/en\/index.php\/wp-json\/wp\/v2\/pages\/13215"}],"collection":[{"href":"https:\/\/www.cesanmakine.com\/en\/index.php\/wp-json\/wp\/v2\/pages"}],"about":[{"href":"https:\/\/www.cesanmakine.com\/en\/index.php\/wp-json\/wp\/v2\/types\/page"}],"author":[{"embeddable":true,"href":"https:\/\/www.cesanmakine.com\/en\/index.php\/wp-json\/wp\/v2\/users\/1"}],"replies":[{"embeddable":true,"href":"https:\/\/www.cesanmakine.com\/en\/index.php\/wp-json\/wp\/v2\/comments?post=13215"}],"version-history":[{"count":2,"href":"https:\/\/www.cesanmakine.com\/en\/index.php\/wp-json\/wp\/v2\/pages\/13215\/revisions"}],"predecessor-version":[{"id":13611,"href":"https:\/\/www.cesanmakine.com\/en\/index.php\/wp-json\/wp\/v2\/pages\/13215\/revisions\/13611"}],"up":[{"embeddable":true,"href":"https:\/\/www.cesanmakine.com\/en\/index.php\/wp-json\/wp\/v2\/pages\/13213"}],"wp:attachment":[{"href":"https:\/\/www.cesanmakine.com\/en\/index.php\/wp-json\/wp\/v2\/media?parent=13215"}],"curies":[{"name":"wp","href":"https:\/\/api.w.org\/{rel}","templated":true}]}}