{"id":13215,"date":"2021-04-14T15:36:30","date_gmt":"2021-04-14T12:36:30","guid":{"rendered":"https:\/\/alfadestek.com\/cesan\/?page_id=13215"},"modified":"2021-04-16T09:11:31","modified_gmt":"2021-04-16T06:11:31","slug":"hakkimizda","status":"publish","type":"page","link":"https:\/\/www.cesanmakine.com\/index.php\/kurumsal\/hakkimizda\/","title":{"rendered":"Hakk\u0131m\u0131zda"},"content":{"rendered":"<p style=\"text-align: justify;\"><img loading=\"lazy\" class=\"size-medium wp-image-13216 alignleft\" src=\"https:\/\/alfadestek.com\/cesan\/wp-content\/uploads\/2021\/04\/cesanhakkimizda-300x233.jpg\" alt=\"\" width=\"300\" height=\"233\" srcset=\"https:\/\/www.cesanmakine.com\/wp-content\/uploads\/2021\/04\/cesanhakkimizda-300x233.jpg 300w, https:\/\/www.cesanmakine.com\/wp-content\/uploads\/2021\/04\/cesanhakkimizda-16x12.jpg 16w, https:\/\/www.cesanmakine.com\/wp-content\/uploads\/2021\/04\/cesanhakkimizda-600x466.jpg 600w, https:\/\/www.cesanmakine.com\/wp-content\/uploads\/2021\/04\/cesanhakkimizda.jpg 620w\" sizes=\"(max-width: 300px) 100vw, 300px\" \/><\/p>\n<p>Cesan Makine M\u00fc\u015fterilerine \u201cGizlilik prensiplerine ba\u011fl\u0131 kalarak yarat\u0131c\u0131 maliyet etkinli\u011fi olan etik ve y\u00fcksek kalitede \u00e7\u00f6z\u00fcmler sunarak hizmet vermek\u201d temel ili\u015fkileri sayesinde ve kendini ispatlam\u0131\u015f \u00f6zellikli yap\u0131s\u0131 ile 1998 tarihinde Ankara\u2019da kurulmu\u015ftur.<\/p>\n<p>Her biri konusunda uzman 20 y\u0131l\u0131 a\u015fk\u0131n s\u00fcredir imalat sekt\u00f6r\u00fcnde faaliyet g\u00f6steren\u00a0kurucusu, \u00e7al\u0131\u015fanlar\u0131 ve dan\u0131\u015fmanlar\u0131 ile Cesan Makine Kuruldu\u011fu g\u00fcnden bug\u00fcne kadar uzmanla\u015ft\u0131\u011f\u0131 temel faaliyet alan\u0131 su, gazl\u0131 i\u00e7ecek ve ya\u011f sekt\u00f6r\u00fcnde kullan\u0131lan pet \u015fi\u015firme etiketleme ve dolum makinelerinin yedek par\u00e7a imalat\u0131n\u0131 yapmak olmu\u015ftur.<\/p>\n<p>ISO 8001: 2008 ISO 14001:2004 ve OHSAS 18001:2007 Toplam Kalite Y\u00f6netim Belgelerine sahip firmam\u0131z, i\u00e7ecek sekt\u00f6r\u00fcnde marka olan bir\u00e7ok ulusal ve uluslararas\u0131 \u00fcreticiye makine yedek par\u00e7a ve ihtiya\u00e7lar\u0131 konusunda zaman\u0131nda do\u011fru ve tam\u00a0\u00e7\u00f6z\u00fcmler \u00fcreten \u00f6zellikli yap\u0131s\u0131 ile \u00e7\u00f6z\u00fcm orta\u011f\u0131 olmaya devam etmektedir.<\/p>\n","protected":false},"excerpt":{"rendered":"<p>Cesan Makine M\u00fc\u015fterilerine \u201cGizlilik prensiplerine ba\u011fl\u0131 kalarak yarat\u0131c\u0131 maliyet etkinli\u011fi olan etik ve y\u00fcksek kalitede \u00e7\u00f6z\u00fcmler sunarak hizmet vermek\u201d temel ili\u015fkileri sayesinde ve kendini ispatlam\u0131\u015f \u00f6zellikli yap\u0131s\u0131 ile 1998 tarihinde Ankara\u2019da kurulmu\u015ftur. Her biri konusunda uzman 20 y\u0131l\u0131 a\u015fk\u0131n s\u00fcredir imalat sekt\u00f6r\u00fcnde faaliyet g\u00f6steren\u00a0kurucusu, \u00e7al\u0131\u015fanlar\u0131 ve dan\u0131\u015fmanlar\u0131 ile Cesan Makine Kuruldu\u011fu g\u00fcnden bug\u00fcne kadar uzmanla\u015ft\u0131\u011f\u0131&#8230;<\/p>\n","protected":false},"author":1,"featured_media":0,"parent":13213,"menu_order":0,"comment_status":"closed","ping_status":"closed","template":"","meta":[],"_links":{"self":[{"href":"https:\/\/www.cesanmakine.com\/index.php\/wp-json\/wp\/v2\/pages\/13215"}],"collection":[{"href":"https:\/\/www.cesanmakine.com\/index.php\/wp-json\/wp\/v2\/pages"}],"about":[{"href":"https:\/\/www.cesanmakine.com\/index.php\/wp-json\/wp\/v2\/types\/page"}],"author":[{"embeddable":true,"href":"https:\/\/www.cesanmakine.com\/index.php\/wp-json\/wp\/v2\/users\/1"}],"replies":[{"embeddable":true,"href":"https:\/\/www.cesanmakine.com\/index.php\/wp-json\/wp\/v2\/comments?post=13215"}],"version-history":[{"count":2,"href":"https:\/\/www.cesanmakine.com\/index.php\/wp-json\/wp\/v2\/pages\/13215\/revisions"}],"predecessor-version":[{"id":13611,"href":"https:\/\/www.cesanmakine.com\/index.php\/wp-json\/wp\/v2\/pages\/13215\/revisions\/13611"}],"up":[{"embeddable":true,"href":"https:\/\/www.cesanmakine.com\/index.php\/wp-json\/wp\/v2\/pages\/13213"}],"wp:attachment":[{"href":"https:\/\/www.cesanmakine.com\/index.php\/wp-json\/wp\/v2\/media?parent=13215"}],"curies":[{"name":"wp","href":"https:\/\/api.w.org\/{rel}","templated":true}]}}