{"id":13218,"date":"2021-04-14T15:37:11","date_gmt":"2021-04-14T12:37:11","guid":{"rendered":"https:\/\/alfadestek.com\/cesan\/?page_id=13218"},"modified":"2021-04-16T09:11:22","modified_gmt":"2021-04-16T06:11:22","slug":"misyonumuz-ve-vizyonumuz","status":"publish","type":"page","link":"https:\/\/www.cesanmakine.com\/index.php\/kurumsal\/misyonumuz-ve-vizyonumuz\/","title":{"rendered":"Misyonumuz ve Vizyonumuz"},"content":{"rendered":"<p>CSN\u00ae\u00a0sat\u0131\u015f tecr\u00fcbesinin \u00f6tesinde m\u00fc\u015fteri memnuniyetini sa\u011flamak i\u00e7in i\u00e7in g\u00fc\u00e7l\u00fc ve uzun s\u00fcreli ili\u015fkiler kurar.<\/p>\n<p>CSN\u00ae\u00a0b\u00fct\u00fcnl\u00fc\u011fe de\u011fer verir. Uygulamalar\u0131m\u0131z g\u00fcvenilir, davran\u0131\u015flar\u0131m\u0131z yasal ve etiktir. Biz m\u00fc\u015fterilerimiz i\u00e7in g\u00fcvenilir bir ortak, ya\u015fad\u0131\u011f\u0131m\u0131z ve \u00e7al\u0131\u015ft\u0131\u011f\u0131m\u0131z \u00e7evrenin ise sorumlu bir \u00fcyesiyiz.<\/p>\n<p>CSN\u00ae\u00a0\u00e7al\u0131\u015fanlar\u0131 en \u00f6nemli kayna\u011f\u0131m\u0131zd\u0131r. Kaliteli, yenilik\u00e7i ve emniyet odakl\u0131 dinamik \u015firket k\u00fclt\u00fcr\u00fcm\u00fcz\u00fc yans\u0131tacak \u00f6zelliklerde gerekli beceri ve karaktere sahip bireyleri i\u015fe al\u0131r, geli\u015ftirir ve koruruz. \u00c7al\u0131\u015fanlar\u0131m\u0131za \u00e7\u00f6z\u00fcmler geli\u015ftirmek ve m\u00fc\u015fterilerimize \u00fcst\u00fcn hizmet sunmak i\u00e7in gereken en etkili ara\u00e7 ve teknolojilere sa\u011flar\u0131z.<\/p>\n<p>CSN\u00ae\u00a0insanl\u0131k i\u00e7in daha iyi bir ya\u015fam kalitesine katk\u0131da bulunmay\u0131, deneyim sahibi yenilik\u00e7i \u00e7al\u0131\u015fanlar\u0131 ile ileri teknolojileri harmanlayarak m\u00fc\u015fterilerinin ilk tercihi olmay\u0131 hedeflemektedir.<\/p>\n","protected":false},"excerpt":{"rendered":"<p>CSN\u00ae\u00a0sat\u0131\u015f tecr\u00fcbesinin \u00f6tesinde m\u00fc\u015fteri memnuniyetini sa\u011flamak i\u00e7in i\u00e7in g\u00fc\u00e7l\u00fc ve uzun s\u00fcreli ili\u015fkiler kurar. CSN\u00ae\u00a0b\u00fct\u00fcnl\u00fc\u011fe de\u011fer verir. Uygulamalar\u0131m\u0131z g\u00fcvenilir, davran\u0131\u015flar\u0131m\u0131z yasal ve etiktir. Biz m\u00fc\u015fterilerimiz i\u00e7in g\u00fcvenilir bir ortak, ya\u015fad\u0131\u011f\u0131m\u0131z ve \u00e7al\u0131\u015ft\u0131\u011f\u0131m\u0131z \u00e7evrenin ise sorumlu bir \u00fcyesiyiz. CSN\u00ae\u00a0\u00e7al\u0131\u015fanlar\u0131 en \u00f6nemli kayna\u011f\u0131m\u0131zd\u0131r. Kaliteli, yenilik\u00e7i ve emniyet odakl\u0131 dinamik \u015firket k\u00fclt\u00fcr\u00fcm\u00fcz\u00fc yans\u0131tacak \u00f6zelliklerde gerekli beceri ve karaktere&#8230;<\/p>\n","protected":false},"author":1,"featured_media":0,"parent":13213,"menu_order":0,"comment_status":"closed","ping_status":"closed","template":"","meta":[],"_links":{"self":[{"href":"https:\/\/www.cesanmakine.com\/index.php\/wp-json\/wp\/v2\/pages\/13218"}],"collection":[{"href":"https:\/\/www.cesanmakine.com\/index.php\/wp-json\/wp\/v2\/pages"}],"about":[{"href":"https:\/\/www.cesanmakine.com\/index.php\/wp-json\/wp\/v2\/types\/page"}],"author":[{"embeddable":true,"href":"https:\/\/www.cesanmakine.com\/index.php\/wp-json\/wp\/v2\/users\/1"}],"replies":[{"embeddable":true,"href":"https:\/\/www.cesanmakine.com\/index.php\/wp-json\/wp\/v2\/comments?post=13218"}],"version-history":[{"count":3,"href":"https:\/\/www.cesanmakine.com\/index.php\/wp-json\/wp\/v2\/pages\/13218\/revisions"}],"predecessor-version":[{"id":13610,"href":"https:\/\/www.cesanmakine.com\/index.php\/wp-json\/wp\/v2\/pages\/13218\/revisions\/13610"}],"up":[{"embeddable":true,"href":"https:\/\/www.cesanmakine.com\/index.php\/wp-json\/wp\/v2\/pages\/13213"}],"wp:attachment":[{"href":"https:\/\/www.cesanmakine.com\/index.php\/wp-json\/wp\/v2\/media?parent=13218"}],"curies":[{"name":"wp","href":"https:\/\/api.w.org\/{rel}","templated":true}]}}