{"id":13220,"date":"2021-04-14T15:38:46","date_gmt":"2021-04-14T12:38:46","guid":{"rendered":"https:\/\/alfadestek.com\/cesan\/?page_id=13220"},"modified":"2021-04-17T08:03:13","modified_gmt":"2021-04-17T05:03:13","slug":"degerlerimiz","status":"publish","type":"page","link":"https:\/\/www.cesanmakine.com\/index.php\/kurumsal\/degerlerimiz\/","title":{"rendered":"De\u011ferlerimiz"},"content":{"rendered":"<p><strong>A\u00c7IK VE G\u00dcVEN\u0130L\u0130R<\/strong><\/p>\n<p>CSN\u00ae olarak biz s\u00f6yledi\u011fimizi biz s\u00f6yledi\u011fimizi yapar, yapt\u0131\u011f\u0131m\u0131z s\u00f6yleriz. \u0130leti\u015fimimiz kendi aram\u0131zda ve \u00e7evremizde a\u00e7\u0131k ve d\u00fcr\u00fcstt\u00fcr. Ortaya ger\u00e7ekleri koyar\u0131z- ho\u015f olmayan durumlarda bile.<\/p>\n<p><strong>\u0130NSANA ODAKLI<\/strong><\/p>\n<p>CSN\u00ae bizim insan\u0131m\u0131zd\u0131r. Biz bireyi geli\u015ftiririz. CSN\u00ae i\u00e7erisinde herkes tutku ve potansiyele sahiptir. Herkes etkileme g\u00fcc\u00fcne sahiptir. Herkes kendisini sayg\u0131n ve de\u011ferli hissetmelidir.<\/p>\n<p><strong>\u0130\u015e B\u0130RL\u0130\u011e\u0130NE \u0130NANAN<\/strong><\/p>\n<p>CSN\u00ae m\u00fc\u015fterileri, tedarik\u00e7ileri ve \u00fcreticileri ile yak\u0131n ili\u015fkiler yoluyla de\u011fer yarat\u0131r. Biz k\u00fcresel giri\u015fimcilik hedefli ulusal bir \u015firketiz. \u00c7e\u015fitlili\u011fin yenilik ve b\u00fcy\u00fcmeyi te\u015fvik etti\u011fine inan\u0131yoruz.<\/p>\n<p><strong>TUTKULU ve \u0130DD\u0130ALI<\/strong><\/p>\n<p>CSN\u00ae da daha iyi ve h\u0131zl\u0131 \u00e7\u00f6z\u00fcmler yaratmak i\u00e7in kendimizi asla engellemeyiz. Yapt\u0131\u011f\u0131m\u0131z her i\u015fte kaliteyi sunman\u0131n gururunu ya\u015far\u0131z. Liderlik ederiz ve gelece\u011fi olu\u015ftururuz.<\/p>\n<p><strong>S\u00dcRD\u00dcR\u00dcLEB\u0130L\u0130R<\/strong><\/p>\n<p>CSN\u00ae sorumluluk sahibidir ve her zamankinden daha s\u00fcrd\u00fcr\u00fclebilir bir bi\u00e7imde kendi i\u015fini y\u00f6netir. Biz m\u00fc\u015fterilerimizin do\u011fal kaynaklar\u0131 korumas\u0131na ve olumsuz iklim etkilerini azaltmas\u0131na yard\u0131mc\u0131 olacak \u00fcr\u00fcn ve \u00e7\u00f6z\u00fcmler \u00fcretiriz. \u00c7evremizdeki toplumda aktif rol al\u0131r\u0131z. CSN\u00ae sosyal sorumlulu\u011fu olan bir \u015firkettir. Biz insan\u0131m\u0131za ve \u00f6zel ihtiya\u00e7lar\u0131 olan ki\u015filere de\u011fer verir ve ilgileniriz.<\/p>\n","protected":false},"excerpt":{"rendered":"<p>A\u00c7IK VE G\u00dcVEN\u0130L\u0130R CSN\u00ae olarak biz s\u00f6yledi\u011fimizi biz s\u00f6yledi\u011fimizi yapar, yapt\u0131\u011f\u0131m\u0131z s\u00f6yleriz. \u0130leti\u015fimimiz kendi aram\u0131zda ve \u00e7evremizde a\u00e7\u0131k ve d\u00fcr\u00fcstt\u00fcr. Ortaya ger\u00e7ekleri koyar\u0131z- ho\u015f olmayan durumlarda bile. \u0130NSANA ODAKLI CSN\u00ae bizim insan\u0131m\u0131zd\u0131r. Biz bireyi geli\u015ftiririz. CSN\u00ae i\u00e7erisinde herkes tutku ve potansiyele sahiptir. Herkes etkileme g\u00fcc\u00fcne sahiptir. Herkes kendisini sayg\u0131n ve de\u011ferli hissetmelidir. \u0130\u015e B\u0130RL\u0130\u011e\u0130NE \u0130NANAN&#8230;<\/p>\n","protected":false},"author":1,"featured_media":0,"parent":13213,"menu_order":0,"comment_status":"closed","ping_status":"closed","template":"","meta":[],"_links":{"self":[{"href":"https:\/\/www.cesanmakine.com\/index.php\/wp-json\/wp\/v2\/pages\/13220"}],"collection":[{"href":"https:\/\/www.cesanmakine.com\/index.php\/wp-json\/wp\/v2\/pages"}],"about":[{"href":"https:\/\/www.cesanmakine.com\/index.php\/wp-json\/wp\/v2\/types\/page"}],"author":[{"embeddable":true,"href":"https:\/\/www.cesanmakine.com\/index.php\/wp-json\/wp\/v2\/users\/1"}],"replies":[{"embeddable":true,"href":"https:\/\/www.cesanmakine.com\/index.php\/wp-json\/wp\/v2\/comments?post=13220"}],"version-history":[{"count":4,"href":"https:\/\/www.cesanmakine.com\/index.php\/wp-json\/wp\/v2\/pages\/13220\/revisions"}],"predecessor-version":[{"id":13616,"href":"https:\/\/www.cesanmakine.com\/index.php\/wp-json\/wp\/v2\/pages\/13220\/revisions\/13616"}],"up":[{"embeddable":true,"href":"https:\/\/www.cesanmakine.com\/index.php\/wp-json\/wp\/v2\/pages\/13213"}],"wp:attachment":[{"href":"https:\/\/www.cesanmakine.com\/index.php\/wp-json\/wp\/v2\/media?parent=13220"}],"curies":[{"name":"wp","href":"https:\/\/api.w.org\/{rel}","templated":true}]}}