{"id":13222,"date":"2021-04-14T15:39:41","date_gmt":"2021-04-14T12:39:41","guid":{"rendered":"https:\/\/alfadestek.com\/cesan\/?page_id=13222"},"modified":"2021-04-16T09:11:39","modified_gmt":"2021-04-16T06:11:39","slug":"kalite-politikamiz","status":"publish","type":"page","link":"https:\/\/www.cesanmakine.com\/index.php\/kurumsal\/kalite-politikamiz\/","title":{"rendered":"Kalite Politikam\u0131z"},"content":{"rendered":"<p>CSN, temel prensipleri olan tarafs\u0131zl\u0131k, ba\u011f\u0131ms\u0131z proje y\u00f6netimi ve i\u015f gizlili\u011fi, mevcut uygulanan d\u00fczenlemelere paralel olarak m\u00fc\u015fterilerimize en y\u00fcksek uluslararas\u0131 standartlarda hizmet ve \u00e7\u00f6z\u00fcmler vermemizi sa\u011flamaktad\u0131r.<\/p>\n<p>\u00c7al\u0131\u015fanlar\u0131m\u0131z\u0131n yeterli teknik bilgiye sahip yarat\u0131c\u0131, kat\u0131l\u0131mc\u0131, kendi i\u015f alan\u0131n\u0131 geli\u015ftiren ve ayn\u0131 zamanda mesleki \u00e7al\u0131\u015fmalar\u0131n\u0131 da g\u00fcvenle s\u00fcrd\u00fcr\u00fclmesinden sorumluyuz. \u00c7al\u0131\u015fanlar\u0131m\u0131za niteliklerini ve yetkinliklerini geli\u015ftirmek amac\u0131yla i\u00e7 ve d\u0131\u015f e\u011fitim imkanlar\u0131 sunarak e\u015fit f\u0131rsatlar yaratarak desteklemekteyiz.<\/p>\n<p>De\u011ferlendirme ve analizlerimizde ulusal ve uluslararas\u0131 standartlar dikkate al\u0131narak haz\u0131rlanm\u0131\u015f standart \u00e7al\u0131\u015fma d\u00fczeni kullan\u0131r\u0131z. Hizmet yeterlili\u011fimizi kontrol ederken s\u00fcrekli yetkinlik geli\u015ftirmeleri yapar\u0131z. \u00c7al\u0131\u015fanlar\u0131m\u0131z ve standartlara uygun \u00e7al\u0131\u015fmakla sorumluyuz.<\/p>\n","protected":false},"excerpt":{"rendered":"<p>CSN, temel prensipleri olan tarafs\u0131zl\u0131k, ba\u011f\u0131ms\u0131z proje y\u00f6netimi ve i\u015f gizlili\u011fi, mevcut uygulanan d\u00fczenlemelere paralel olarak m\u00fc\u015fterilerimize en y\u00fcksek uluslararas\u0131 standartlarda hizmet ve \u00e7\u00f6z\u00fcmler vermemizi sa\u011flamaktad\u0131r. \u00c7al\u0131\u015fanlar\u0131m\u0131z\u0131n yeterli teknik bilgiye sahip yarat\u0131c\u0131, kat\u0131l\u0131mc\u0131, kendi i\u015f alan\u0131n\u0131 geli\u015ftiren ve ayn\u0131 zamanda mesleki \u00e7al\u0131\u015fmalar\u0131n\u0131 da g\u00fcvenle s\u00fcrd\u00fcr\u00fclmesinden sorumluyuz. \u00c7al\u0131\u015fanlar\u0131m\u0131za niteliklerini ve yetkinliklerini geli\u015ftirmek amac\u0131yla i\u00e7 ve d\u0131\u015f&#8230;<\/p>\n","protected":false},"author":1,"featured_media":0,"parent":13213,"menu_order":0,"comment_status":"closed","ping_status":"closed","template":"","meta":[],"_links":{"self":[{"href":"https:\/\/www.cesanmakine.com\/index.php\/wp-json\/wp\/v2\/pages\/13222"}],"collection":[{"href":"https:\/\/www.cesanmakine.com\/index.php\/wp-json\/wp\/v2\/pages"}],"about":[{"href":"https:\/\/www.cesanmakine.com\/index.php\/wp-json\/wp\/v2\/types\/page"}],"author":[{"embeddable":true,"href":"https:\/\/www.cesanmakine.com\/index.php\/wp-json\/wp\/v2\/users\/1"}],"replies":[{"embeddable":true,"href":"https:\/\/www.cesanmakine.com\/index.php\/wp-json\/wp\/v2\/comments?post=13222"}],"version-history":[{"count":1,"href":"https:\/\/www.cesanmakine.com\/index.php\/wp-json\/wp\/v2\/pages\/13222\/revisions"}],"predecessor-version":[{"id":13223,"href":"https:\/\/www.cesanmakine.com\/index.php\/wp-json\/wp\/v2\/pages\/13222\/revisions\/13223"}],"up":[{"embeddable":true,"href":"https:\/\/www.cesanmakine.com\/index.php\/wp-json\/wp\/v2\/pages\/13213"}],"wp:attachment":[{"href":"https:\/\/www.cesanmakine.com\/index.php\/wp-json\/wp\/v2\/media?parent=13222"}],"curies":[{"name":"wp","href":"https:\/\/api.w.org\/{rel}","templated":true}]}}