{"id":13224,"date":"2021-04-14T15:40:14","date_gmt":"2021-04-14T12:40:14","guid":{"rendered":"https:\/\/alfadestek.com\/cesan\/?page_id=13224"},"modified":"2021-04-16T09:11:44","modified_gmt":"2021-04-16T06:11:44","slug":"calisma-politikamiz","status":"publish","type":"page","link":"https:\/\/www.cesanmakine.com\/index.php\/kurumsal\/calisma-politikamiz\/","title":{"rendered":"\u00c7al\u0131\u015fma Politikam\u0131z"},"content":{"rendered":"<p>CSN,\u00a0%100 yerli imalat ve g\u00fcvenilir, kalite ve d\u00fcr\u00fcst hizmet anlay\u0131\u015f\u0131\u00a0sayesinde yedek par\u00e7a imalat\u0131 s\u00fcrecinin t\u00fcm y\u00f6nlerini kapsayan, m\u00fc\u015fterilerinin kurumsal ihtiya\u00e7lar\u0131n\u0131 anlayarak \u00e7\u00f6z\u00fcmleri zaman\u0131nda do\u011fru ve tam olarak sunan \u00f6zellikli yap\u0131s\u0131 sayesinde\u00a0tercih sebebi olmaya devam etmektedir.\u00a0\u201cYapt\u0131\u011f\u0131 i\u015fi severek yapmak, katma de\u011ferli i\u015f \u00fcretmek ve sonucunda da ortak kazan\u00e7 elde etmek\u201d\u00a0operasyonel hedeflerimiz sayesinde bir\u00e7ok proje ba\u015far\u0131 ile tamamlanm\u0131\u015f yeni i\u015f birlikleri ve kal\u0131c\u0131 dostluklar referanslar\u0131m\u0131za eklenmi\u015ftir. \u0130\u015f birli\u011fi yapmaktan ve imalat projelerinize \u00e7\u00f6z\u00fcm \u00fcretmekten mutluluk duyaca\u011f\u0131m\u0131z\u0131 belirterek sayg\u0131lar\u0131m\u0131z\u0131 sunar\u0131z.<\/p>\n","protected":false},"excerpt":{"rendered":"<p>CSN,\u00a0%100 yerli imalat ve g\u00fcvenilir, kalite ve d\u00fcr\u00fcst hizmet anlay\u0131\u015f\u0131\u00a0sayesinde yedek par\u00e7a imalat\u0131 s\u00fcrecinin t\u00fcm y\u00f6nlerini kapsayan, m\u00fc\u015fterilerinin kurumsal ihtiya\u00e7lar\u0131n\u0131 anlayarak \u00e7\u00f6z\u00fcmleri zaman\u0131nda do\u011fru ve tam olarak sunan \u00f6zellikli yap\u0131s\u0131 sayesinde\u00a0tercih sebebi olmaya devam etmektedir.\u00a0\u201cYapt\u0131\u011f\u0131 i\u015fi severek yapmak, katma de\u011ferli i\u015f \u00fcretmek ve sonucunda da ortak kazan\u00e7 elde etmek\u201d\u00a0operasyonel hedeflerimiz sayesinde bir\u00e7ok proje ba\u015far\u0131 ile&#8230;<\/p>\n","protected":false},"author":1,"featured_media":0,"parent":13213,"menu_order":0,"comment_status":"closed","ping_status":"closed","template":"","meta":[],"_links":{"self":[{"href":"https:\/\/www.cesanmakine.com\/index.php\/wp-json\/wp\/v2\/pages\/13224"}],"collection":[{"href":"https:\/\/www.cesanmakine.com\/index.php\/wp-json\/wp\/v2\/pages"}],"about":[{"href":"https:\/\/www.cesanmakine.com\/index.php\/wp-json\/wp\/v2\/types\/page"}],"author":[{"embeddable":true,"href":"https:\/\/www.cesanmakine.com\/index.php\/wp-json\/wp\/v2\/users\/1"}],"replies":[{"embeddable":true,"href":"https:\/\/www.cesanmakine.com\/index.php\/wp-json\/wp\/v2\/comments?post=13224"}],"version-history":[{"count":2,"href":"https:\/\/www.cesanmakine.com\/index.php\/wp-json\/wp\/v2\/pages\/13224\/revisions"}],"predecessor-version":[{"id":13612,"href":"https:\/\/www.cesanmakine.com\/index.php\/wp-json\/wp\/v2\/pages\/13224\/revisions\/13612"}],"up":[{"embeddable":true,"href":"https:\/\/www.cesanmakine.com\/index.php\/wp-json\/wp\/v2\/pages\/13213"}],"wp:attachment":[{"href":"https:\/\/www.cesanmakine.com\/index.php\/wp-json\/wp\/v2\/media?parent=13224"}],"curies":[{"name":"wp","href":"https:\/\/api.w.org\/{rel}","templated":true}]}}