{"id":13228,"date":"2021-04-14T15:51:51","date_gmt":"2021-04-14T12:51:51","guid":{"rendered":"https:\/\/alfadestek.com\/cesan\/?page_id=13228"},"modified":"2021-04-16T09:12:12","modified_gmt":"2021-04-16T06:12:12","slug":"saglik-guvenlik-ve-cevre-politikamiz","status":"publish","type":"page","link":"https:\/\/www.cesanmakine.com\/index.php\/kurumsal\/saglik-guvenlik-ve-cevre-politikamiz\/","title":{"rendered":"Sa\u011fl\u0131k, G\u00fcvenlik ve \u00c7evre Politikam\u0131z"},"content":{"rendered":"<p><strong>CSN\u00ae\u00a0olarak Sa\u011fl\u0131k, G\u00fcvenlik ve \u00c7evre Politikam\u0131z:<\/strong><\/p>\n<p>B\u00f6lgemizde &#8220;M\u00fc\u015fterileri ve \u0130\u015f Ortaklar\u0131 taraf\u0131ndan tercih edilen favori proje \u00e7\u00f6z\u00fcm orta\u011f\u0131 olmak&#8221;.<\/p>\n<p>Bu hedefe ula\u015fmak i\u00e7in, a\u015fa\u011f\u0131daki hizmetleri sunmay\u0131 ama\u00e7lad\u0131k:<\/p>\n<p>M\u00fc\u015fterilerimizin beklentilerini ve tercihlerini kar\u015f\u0131layacak kapasitede H\u0131zl\u0131 eri\u015filebilir, modern ve y\u00fcksek kalitede Proje Hizmetleri geri bildirimi yapmak,<\/p>\n<p>Ulusal ve uluslararas\u0131 kurallar ve standartlar \u00e7er\u00e7evesinde Projelerin i\u015f gizlili\u011fini ve bir proje i\u00e7inde m\u00fc\u015fterilerimizle ve \u00e7al\u0131\u015fanlar taraf\u0131ndan payla\u015f\u0131lan bilgilerin g\u00fcvenli\u011fini sa\u011flamak,<\/p>\n<p>\u0130dari ve Teknik Hizmetlerde Y\u00fcksek kaliteli, h\u0131zl\u0131 ve g\u00fcvenli geri bilgilendirme sa\u011flamak.<\/p>\n<p><strong>Bu kapsamda, biz elimizden geleni yapaca\u011f\u0131z :<\/strong><\/p>\n<p>Etkin ve verimli en son yat\u0131r\u0131m\u0131n\u0131 yapt\u0131\u011f\u0131m\u0131z y\u00fcksek teknoloji alt yap\u0131y\u0131 kullanarak de\u011fi\u015fen M\u00fc\u015fteri beklentileri do\u011frultusunda g\u00fcncel kalmak,<\/p>\n<p>\u0130malat Sanayisinin geli\u015fmesine katk\u0131da bulunmak,<\/p>\n<p>T\u00fcm operasyonlar\u0131m\u0131zda \u00e7evre bilincinin yan\u0131 s\u0131ra \u00e7al\u0131\u015fanlar\u0131m\u0131z\u0131n en \u00fcst d\u00fczeyde i\u015f sa\u011fl\u0131\u011f\u0131 ve g\u00fcvenli\u011fini korumak i\u00e7in gerekli t\u00fcm \u00f6nlemleri almak,<\/p>\n<p>Projelerimiz kapsam\u0131nda t\u00fcm engelli misafirlerimizin beklentilerini kar\u015f\u0131lamak i\u00e7in kolay ve eri\u015filebilir hizmetler sunmak,<\/p>\n<p>Uluslararas\u0131 ba\u011flant\u0131 merkezi haline gelmek,<\/p>\n<p>Yeni projeler ve pazarlara ula\u015farak b\u00f6lgemizde tercih edilen \u00fcretici ve \u00e7\u00f6z\u00fcm orta\u011f\u0131 olmak,<\/p>\n<p>Kurumsal ba\u011fl\u0131l\u0131k ve tak\u0131m ruhunu geli\u015ftirerek, personelimizin e\u011fitim ve geli\u015fimine \u00f6nem vererek en y\u00fcksek d\u00fczeyde \u00e7al\u0131\u015fan memnuniyeti sa\u011flamak<\/p>\n<p><strong>Hasan CESARETL\u0130\u00a0<\/strong><\/p>\n<p><strong>Kurucu \u015eirket M\u00fcd\u00fcr\u00fc<\/strong><\/p>\n<p><strong>01.10.2016<\/strong><\/p>\n","protected":false},"excerpt":{"rendered":"<p>CSN\u00ae\u00a0olarak Sa\u011fl\u0131k, G\u00fcvenlik ve \u00c7evre Politikam\u0131z: B\u00f6lgemizde &#8220;M\u00fc\u015fterileri ve \u0130\u015f Ortaklar\u0131 taraf\u0131ndan tercih edilen favori proje \u00e7\u00f6z\u00fcm orta\u011f\u0131 olmak&#8221;. Bu hedefe ula\u015fmak i\u00e7in, a\u015fa\u011f\u0131daki hizmetleri sunmay\u0131 ama\u00e7lad\u0131k: M\u00fc\u015fterilerimizin beklentilerini ve tercihlerini kar\u015f\u0131layacak kapasitede H\u0131zl\u0131 eri\u015filebilir, modern ve y\u00fcksek kalitede Proje Hizmetleri geri bildirimi yapmak, Ulusal ve uluslararas\u0131 kurallar ve standartlar \u00e7er\u00e7evesinde Projelerin i\u015f gizlili\u011fini ve&#8230;<\/p>\n","protected":false},"author":1,"featured_media":0,"parent":13213,"menu_order":0,"comment_status":"closed","ping_status":"closed","template":"","meta":[],"_links":{"self":[{"href":"https:\/\/www.cesanmakine.com\/index.php\/wp-json\/wp\/v2\/pages\/13228"}],"collection":[{"href":"https:\/\/www.cesanmakine.com\/index.php\/wp-json\/wp\/v2\/pages"}],"about":[{"href":"https:\/\/www.cesanmakine.com\/index.php\/wp-json\/wp\/v2\/types\/page"}],"author":[{"embeddable":true,"href":"https:\/\/www.cesanmakine.com\/index.php\/wp-json\/wp\/v2\/users\/1"}],"replies":[{"embeddable":true,"href":"https:\/\/www.cesanmakine.com\/index.php\/wp-json\/wp\/v2\/comments?post=13228"}],"version-history":[{"count":2,"href":"https:\/\/www.cesanmakine.com\/index.php\/wp-json\/wp\/v2\/pages\/13228\/revisions"}],"predecessor-version":[{"id":13614,"href":"https:\/\/www.cesanmakine.com\/index.php\/wp-json\/wp\/v2\/pages\/13228\/revisions\/13614"}],"up":[{"embeddable":true,"href":"https:\/\/www.cesanmakine.com\/index.php\/wp-json\/wp\/v2\/pages\/13213"}],"wp:attachment":[{"href":"https:\/\/www.cesanmakine.com\/index.php\/wp-json\/wp\/v2\/media?parent=13228"}],"curies":[{"name":"wp","href":"https:\/\/api.w.org\/{rel}","templated":true}]}}